{"id":56,"date":"2020-01-24T12:45:02","date_gmt":"2020-01-24T12:45:02","guid":{"rendered":"https:\/\/www.portalmensch.de\/?page_id=56"},"modified":"2024-05-15T07:13:51","modified_gmt":"2024-05-15T07:13:51","slug":"mitglied-werden","status":"publish","type":"page","link":"https:\/\/www.portalmensch.de\/index.php\/der-verein\/mitglied-werden\/","title":{"rendered":"Mitglied werden"},"content":{"rendered":"<p><strong>Sie m\u00f6chten Mitglied werden?<\/strong><\/p>\n<p>Hier k\u00f6nnen Sie sich die <a href=\"https:\/\/www.portalmensch.de\/wp-content\/uploads\/2024\/05\/beitrittserklaerung.pdf\">Beitrittserkl\u00e4rung<\/a> als PDF herunterladen oder direkt ausdrucken.<br \/>\nBitte f\u00fcllen Sie das Formular aus und senden Sie es uns per Post.<\/p>\n<p>Um Einblick in die Satzung des Vereins zu bekommen, k\u00f6nnen Sie sie&nbsp;<a href=\"https:\/\/www.portalmensch.de\/wp-content\/uploads\/2020\/01\/satzung.pdf\">hier<\/a>&nbsp;als PDF herunterladen.<\/p>\n","protected":false},"excerpt":{"rendered":"<p>Sie m\u00f6chten Mitglied werden? Hier k\u00f6nnen Sie sich die Beitrittserkl\u00e4rung als PDF herunterladen oder direkt ausdrucken. Bitte f\u00fcllen Sie das Formular aus und senden Sie es uns per Post. Um Einblick in die Satzung des Vereins zu bekommen, k\u00f6nnen Sie sie&nbsp;hier&nbsp;als PDF herunterladen.<\/p>\n","protected":false},"author":1,"featured_media":0,"parent":12,"menu_order":0,"comment_status":"closed","ping_status":"closed","template":"","meta":{"ngg_post_thumbnail":0,"footnotes":""},"class_list":["post-56","page","type-page","status-publish","hentry"],"_links":{"self":[{"href":"https:\/\/www.portalmensch.de\/index.php\/wp-json\/wp\/v2\/pages\/56","targetHints":{"allow":["GET"]}}],"collection":[{"href":"https:\/\/www.portalmensch.de\/index.php\/wp-json\/wp\/v2\/pages"}],"about":[{"href":"https:\/\/www.portalmensch.de\/index.php\/wp-json\/wp\/v2\/types\/page"}],"author":[{"embeddable":true,"href":"https:\/\/www.portalmensch.de\/index.php\/wp-json\/wp\/v2\/users\/1"}],"replies":[{"embeddable":true,"href":"https:\/\/www.portalmensch.de\/index.php\/wp-json\/wp\/v2\/comments?post=56"}],"version-history":[{"count":4,"href":"https:\/\/www.portalmensch.de\/index.php\/wp-json\/wp\/v2\/pages\/56\/revisions"}],"predecessor-version":[{"id":265,"href":"https:\/\/www.portalmensch.de\/index.php\/wp-json\/wp\/v2\/pages\/56\/revisions\/265"}],"up":[{"embeddable":true,"href":"https:\/\/www.portalmensch.de\/index.php\/wp-json\/wp\/v2\/pages\/12"}],"wp:attachment":[{"href":"https:\/\/www.portalmensch.de\/index.php\/wp-json\/wp\/v2\/media?parent=56"}],"curies":[{"name":"wp","href":"https:\/\/api.w.org\/{rel}","templated":true}]}}