{"id":50,"date":"2020-01-24T12:40:58","date_gmt":"2020-01-24T12:40:58","guid":{"rendered":"https:\/\/www.portalmensch.de\/?page_id=50"},"modified":"2025-04-08T12:11:04","modified_gmt":"2025-04-08T12:11:04","slug":"vorstand","status":"publish","type":"page","link":"https:\/\/www.portalmensch.de\/index.php\/der-verein\/vorstand\/","title":{"rendered":"Vorstand"},"content":{"rendered":"<p>Die Vorstandsmitglieder des Vereins:<\/p>\n<p><strong>Vetretungsberechtigte Vorstandsmitglieder:<\/strong><\/p>\n<p><img loading=\"lazy\" decoding=\"async\" class=\"alignnone wp-image-83 size-thumbnail\" src=\"https:\/\/www.portalmensch.de\/wp-content\/uploads\/2025\/04\/ulla-luke-150x150.jpg\" alt=\"Ulla Luke\" width=\"150\" height=\"150\"><br \/>\nUlla Luke (F\u00fchrungsgremium)<\/p>\n<p><img loading=\"lazy\" decoding=\"async\" class=\"alignnone size-thumbnail wp-image-82\" src=\"https:\/\/www.portalmensch.de\/wp-content\/uploads\/2025\/04\/regina-luetticke-150x150.jpg\" alt=\"Regina L\u00fctticke\" width=\"150\" height=\"150\"><br \/>\nRegina L\u00fctticke (F\u00fchrungsgremium)<\/p>\n<p><strong><img loading=\"lazy\" decoding=\"async\" class=\"alignnone wp-image-360 size-thumbnail\" src=\"https:\/\/www.portalmensch.de\/wp-content\/uploads\/2025\/04\/christiane-stuff-150x150.jpg\" alt=\"\" width=\"150\" height=\"150\"><\/strong><br \/>\nChristiane Stuff (F\u00fchrungsgremium)<\/p>\n<p><strong>Finanzen:<\/strong><\/p>\n<p><strong><img loading=\"lazy\" decoding=\"async\" class=\"alignnone wp-image-365 size-thumbnail\" src=\"https:\/\/www.portalmensch.de\/wp-content\/uploads\/2025\/04\/martin-leipelt-150x150.jpg\" alt=\"\" width=\"150\" height=\"150\" srcset=\"https:\/\/www.portalmensch.de\/wp-content\/uploads\/2025\/04\/martin-leipelt-150x150.jpg 150w, https:\/\/www.portalmensch.de\/wp-content\/uploads\/2025\/04\/martin-leipelt-300x300.jpg 300w, https:\/\/www.portalmensch.de\/wp-content\/uploads\/2025\/04\/martin-leipelt.jpg 600w\" sizes=\"auto, (max-width: 150px) 85vw, 150px\" \/><br \/>\n<\/strong>Martin Leipelt<\/p>\n<p><strong>Schriftf\u00fchrung:<\/strong><\/p>\n<p><strong><img loading=\"lazy\" decoding=\"async\" class=\"alignnone size-thumbnail wp-image-84\" src=\"https:\/\/www.portalmensch.de\/wp-content\/uploads\/2025\/04\/ulla-rauterkus-150x150.jpg\" alt=\"Ulla Rauterkus\" width=\"150\" height=\"150\"><br \/>\n<\/strong>Ulla Rauterkus<\/p>\n<p><strong>Beisitzer:<\/strong><\/p>\n<p><strong><img loading=\"lazy\" decoding=\"async\" class=\"alignnone wp-image-361 size-thumbnail\" src=\"https:\/\/www.portalmensch.de\/wp-content\/uploads\/2025\/04\/christoph-arns-150x150.jpg\" alt=\"\" width=\"150\" height=\"150\" srcset=\"https:\/\/www.portalmensch.de\/wp-content\/uploads\/2025\/04\/christoph-arns-150x150.jpg 150w, https:\/\/www.portalmensch.de\/wp-content\/uploads\/2025\/04\/christoph-arns-300x300.jpg 300w, https:\/\/www.portalmensch.de\/wp-content\/uploads\/2025\/04\/christoph-arns.jpg 600w\" sizes=\"auto, (max-width: 150px) 85vw, 150px\" \/><\/strong><br \/>\nChristoph Arns<\/p>\n<p><strong><img loading=\"lazy\" decoding=\"async\" class=\"alignnone size-thumbnail wp-image-77\" src=\"https:\/\/www.portalmensch.de\/wp-content\/uploads\/2025\/04\/anke-boehmer-150x150.jpg\" alt=\"Anke B\u00f6hmer\" width=\"150\" height=\"150\"><\/strong><br \/>\nAnke B\u00f6hmer<\/p>\n<p><strong><img loading=\"lazy\" decoding=\"async\" class=\"alignnone size-thumbnail wp-image-80\" src=\"https:\/\/www.portalmensch.de\/wp-content\/uploads\/2025\/04\/kalli-boehmer-150x150.jpg\" alt=\"Kalli B\u00f6hmer\" width=\"150\" height=\"150\"><\/strong><br \/>\nKalli B\u00f6hmer<\/p>\n<p><strong><img loading=\"lazy\" decoding=\"async\" class=\"alignnone wp-image-377 size-thumbnail\" src=\"https:\/\/www.portalmensch.de\/wp-content\/uploads\/2025\/04\/constantin-plath-150x150.jpg\" alt=\"\" width=\"150\" height=\"150\" srcset=\"https:\/\/www.portalmensch.de\/wp-content\/uploads\/2025\/04\/constantin-plath-150x150.jpg 150w, https:\/\/www.portalmensch.de\/wp-content\/uploads\/2025\/04\/constantin-plath-300x300.jpg 300w, https:\/\/www.portalmensch.de\/wp-content\/uploads\/2025\/04\/constantin-plath.jpg 600w\" sizes=\"auto, (max-width: 150px) 85vw, 150px\" \/><\/strong><br \/>\nConstantin Plath<\/p>\n<p><strong><img loading=\"lazy\" decoding=\"async\" class=\"alignnone wp-image-120 size-thumbnail\" src=\"https:\/\/www.portalmensch.de\/wp-content\/uploads\/2025\/04\/felicitas-schroeder-150x150.jpg\" alt=\"\" width=\"150\" height=\"150\"><\/strong><br \/>\nFelicitas Schr\u00f6der<\/p>\n<p><strong><img loading=\"lazy\" decoding=\"async\" class=\"alignnone wp-image-210 size-thumbnail\" src=\"https:\/\/www.portalmensch.de\/wp-content\/uploads\/2023\/09\/juliane-pilz-150x150.jpg\" alt=\"\" width=\"150\" height=\"150\" srcset=\"https:\/\/www.portalmensch.de\/wp-content\/uploads\/2023\/09\/juliane-pilz-150x150.jpg 150w, https:\/\/www.portalmensch.de\/wp-content\/uploads\/2023\/09\/juliane-pilz-300x300.jpg 300w, https:\/\/www.portalmensch.de\/wp-content\/uploads\/2023\/09\/juliane-pilz.jpg 600w\" sizes=\"auto, (max-width: 150px) 85vw, 150px\" \/><br \/>\n<\/strong>Juliane Pilz<\/p>\n<p><strong><img loading=\"lazy\" decoding=\"async\" class=\"alignnone wp-image-121 size-thumbnail\" src=\"https:\/\/www.portalmensch.de\/wp-content\/uploads\/2025\/04\/nicole-krueger-150x150.jpg\" alt=\"\" width=\"150\" height=\"150\"><\/strong><br \/>\nNicole Kr\u00fcger<\/p>\n<p>&nbsp;<\/p>\n","protected":false},"excerpt":{"rendered":"<p>Die Vorstandsmitglieder des Vereins: Vetretungsberechtigte Vorstandsmitglieder: Ulla Luke (F\u00fchrungsgremium) Regina L\u00fctticke (F\u00fchrungsgremium) Christiane Stuff (F\u00fchrungsgremium) Finanzen: Martin Leipelt Schriftf\u00fchrung: Ulla Rauterkus Beisitzer: Christoph Arns Anke B\u00f6hmer Kalli B\u00f6hmer Constantin Plath Felicitas Schr\u00f6der Juliane Pilz Nicole Kr\u00fcger &nbsp;<\/p>\n","protected":false},"author":1,"featured_media":0,"parent":12,"menu_order":0,"comment_status":"closed","ping_status":"closed","template":"","meta":{"ngg_post_thumbnail":0,"footnotes":""},"class_list":["post-50","page","type-page","status-publish","hentry"],"_links":{"self":[{"href":"https:\/\/www.portalmensch.de\/index.php\/wp-json\/wp\/v2\/pages\/50","targetHints":{"allow":["GET"]}}],"collection":[{"href":"https:\/\/www.portalmensch.de\/index.php\/wp-json\/wp\/v2\/pages"}],"about":[{"href":"https:\/\/www.portalmensch.de\/index.php\/wp-json\/wp\/v2\/types\/page"}],"author":[{"embeddable":true,"href":"https:\/\/www.portalmensch.de\/index.php\/wp-json\/wp\/v2\/users\/1"}],"replies":[{"embeddable":true,"href":"https:\/\/www.portalmensch.de\/index.php\/wp-json\/wp\/v2\/comments?post=50"}],"version-history":[{"count":31,"href":"https:\/\/www.portalmensch.de\/index.php\/wp-json\/wp\/v2\/pages\/50\/revisions"}],"predecessor-version":[{"id":378,"href":"https:\/\/www.portalmensch.de\/index.php\/wp-json\/wp\/v2\/pages\/50\/revisions\/378"}],"up":[{"embeddable":true,"href":"https:\/\/www.portalmensch.de\/index.php\/wp-json\/wp\/v2\/pages\/12"}],"wp:attachment":[{"href":"https:\/\/www.portalmensch.de\/index.php\/wp-json\/wp\/v2\/media?parent=50"}],"curies":[{"name":"wp","href":"https:\/\/api.w.org\/{rel}","templated":true}]}}