{"id":254,"date":"2024-05-15T06:57:36","date_gmt":"2024-05-15T06:57:36","guid":{"rendered":"https:\/\/www.portalmensch.de\/?page_id=254"},"modified":"2025-02-11T10:23:40","modified_gmt":"2025-02-11T10:23:40","slug":"aktuelles","status":"publish","type":"page","link":"https:\/\/www.portalmensch.de\/index.php\/aktuelles\/","title":{"rendered":"Aktuelles"},"content":{"rendered":"<h2><b>Ein Defibrillator f\u00fcr die Tagespflege Obstwiese<\/b><\/h2>\n<p>Die Tagespflege &#8222;Obstwiese&#8220; in Wenden hat im Dezember 2024 einen neuen,<br \/>\n\u00f6ffentlich zug\u00e4nglichen Defibrillator in Betrieb genommen,<br \/>\nDie Gesch\u00e4ftsf\u00fchrung der Br\u00fccke S\u00fcdwestfalen pr\u00e4sentierte gemeinsam mit der Pflegedienstleitung und dem Verein f\u00fcr Menschen mit Behinderungen Kreis Olpe das lebensrettende Ger\u00e4t.<\/p>\n<p>Der neue Defibrillator an der Tagespflege leistet einen Beitrag zur Verbesserung der Notfallversorgung in Wenden und soll die Sicherheit der B\u00fcrger erh\u00f6hen.<br \/>\nErm\u00f6glicht wurde die Anschaffung Dank der Spende des Vereins f\u00fcr Menschen mit Behinderungen Kreis Olpe e.V..<\/p>\n","protected":false},"excerpt":{"rendered":"<p>Ein Defibrillator f\u00fcr die Tagespflege Obstwiese Die Tagespflege &#8222;Obstwiese&#8220; in Wenden hat im Dezember 2024 einen neuen, \u00f6ffentlich zug\u00e4nglichen Defibrillator in Betrieb genommen, Die Gesch\u00e4ftsf\u00fchrung der Br\u00fccke S\u00fcdwestfalen pr\u00e4sentierte gemeinsam mit der Pflegedienstleitung und dem Verein f\u00fcr Menschen mit Behinderungen Kreis Olpe das lebensrettende Ger\u00e4t. Der neue Defibrillator an der Tagespflege leistet einen Beitrag zur &hellip; <a href=\"https:\/\/www.portalmensch.de\/index.php\/aktuelles\/\" class=\"more-link\"><span class=\"screen-reader-text\">\u201eAktuelles\u201c<\/span> weiterlesen<\/a><\/p>\n","protected":false},"author":1,"featured_media":0,"parent":0,"menu_order":0,"comment_status":"closed","ping_status":"closed","template":"","meta":{"ngg_post_thumbnail":0,"footnotes":""},"class_list":["post-254","page","type-page","status-publish","hentry"],"_links":{"self":[{"href":"https:\/\/www.portalmensch.de\/index.php\/wp-json\/wp\/v2\/pages\/254","targetHints":{"allow":["GET"]}}],"collection":[{"href":"https:\/\/www.portalmensch.de\/index.php\/wp-json\/wp\/v2\/pages"}],"about":[{"href":"https:\/\/www.portalmensch.de\/index.php\/wp-json\/wp\/v2\/types\/page"}],"author":[{"embeddable":true,"href":"https:\/\/www.portalmensch.de\/index.php\/wp-json\/wp\/v2\/users\/1"}],"replies":[{"embeddable":true,"href":"https:\/\/www.portalmensch.de\/index.php\/wp-json\/wp\/v2\/comments?post=254"}],"version-history":[{"count":4,"href":"https:\/\/www.portalmensch.de\/index.php\/wp-json\/wp\/v2\/pages\/254\/revisions"}],"predecessor-version":[{"id":346,"href":"https:\/\/www.portalmensch.de\/index.php\/wp-json\/wp\/v2\/pages\/254\/revisions\/346"}],"wp:attachment":[{"href":"https:\/\/www.portalmensch.de\/index.php\/wp-json\/wp\/v2\/media?parent=254"}],"curies":[{"name":"wp","href":"https:\/\/api.w.org\/{rel}","templated":true}]}}