{"id":12,"date":"2020-01-21T15:52:21","date_gmt":"2020-01-21T15:52:21","guid":{"rendered":"https:\/\/www.portalmensch.de\/?page_id=12"},"modified":"2024-05-15T07:02:03","modified_gmt":"2024-05-15T07:02:03","slug":"der-verein","status":"publish","type":"page","link":"https:\/\/www.portalmensch.de\/index.php\/der-verein\/","title":{"rendered":"Der Verein"},"content":{"rendered":"\r\n<p>Der \u201eVerein f\u00fcr Menschen mit Behinderungen Kreis Olpe e.V.\u201c ist aus dem \u201eVerein f\u00fcr spastisch Gel\u00e4hmte und andere K\u00f6rperbehinderte Kreis Olpe e.V.\u201c, einer im Jahre 1972 gegr\u00fcndeten Elterninitiative, hervorgegangen. Der Verein z\u00e4hlt zum aktuellen Zeitpunkt ca. 250 Mitglieder, welche sich aus den verschiedensten Beweggr\u00fcnden innerhalb des Vereins engagieren. Zweck des Vereins ist die F\u00f6rderung, Beratung, Unterst\u00fctzung und Entlastung von Menschen mit Behinderungen und ihrer Angeh\u00f6rigen. Die Verwirklichung dieses Zweckes geht einher mit der F\u00f6rderung von Einrichtungen wie Tagesst\u00e4tten, Sonderschulen, Ausbildungs- und Arbeitsst\u00e4tten, Pflege-, Betreuungs- und hauswirtschaftlichen Diensten und Beratungsstellen.<br>So ging beispielsweise im Jahre 2004 aus dem vom Verein gegr\u00fcndeten \u201eFamilienentlastenden Dienst\u201c (FED) die \u201edie Br\u00fccke S\u00fcdwestfalen gGmbH\u201c hervor. Diese Gesellschaft ist ein Anbieter ambulanter Hilfen f\u00fcr Menschen mit Behinderungen und Senioren. Sie entstand aus einer Initiative des Vereins und der \u201eKolpingbildungswerke gGmbH\u201c.<\/p>\r\n<p>Der \u201eVerein f\u00fcr Menschen mit Behinderungen Kreis Olpe e.V.\u201c erf\u00fcllt weitergehend eine Schnittstellenfunktion, in welcher er die \u00d6ffentlichkeit \u00fcber Probleme und Anliegen von Menschen mit Behinderungen unterrichtet. Dies geht einher mit der Durchf\u00fchrung wissenschaftlicher oder belehrender Veranstaltungen. In diesem Zusammenhang besch\u00e4ftigt sich der Verein auch mit der Kl\u00e4rung von f\u00fcr Menschen mit Behinderungen relevanten Rechtsfragen.<br>Er organisiert au\u00dferdem j\u00e4hrlich wiederkehrende Veranstaltungen f\u00fcr Menschen mit Behinderungen und ihre Angeh\u00f6rigen wie z.B. einen \u00f6kumenischen Gottesdienst, ein Sommerfest in Zusammenarbeit mit der Br\u00fccke S\u00fcdwestfalen und eine Nikolausfeier.<br>Zur Finanzierung und F\u00f6rderung seiner Arbeit f\u00fchrt der Verein Veranstaltungen, wie beispielsweise Benefizkonzerte, durch und verkauft auf \u00f6ffentlichen Veranstaltungen Waffeln. Mithilfe der so erwirtschafteten Gelder werden unter anderem Freizeitma\u00dfnahmen und Bildungsreisen f\u00fcr Menschen mit Behinderungen unterst\u00fctzt, aber auch, als eines der aktuellsten Projekte des Vereins, die Errichtung der Stiftung \u201eLebensmut\u201c vorangetrieben.<br>Der \u201eVerein f\u00fcr Menschen mit Behinderungen Kreis Olpe e.V.\u201c stellt somit alles in allem auch fast 40 Jahre nach seiner Gr\u00fcndung eine zentrale Kraft im Sinne seiner Zwecke f\u00fcr Menschen mit Behinderungen dar. Durch seine engagierten ehrenamtlichen Kr\u00e4fte ist er f\u00fcr die Herausforderungen der Zukunft ger\u00fcstet und wird so weiterhin f\u00fcr die Verwirklichung einer gleichberechtigten und individualistischen Stellung von Menschen mit Behinderungen im Kreisgebiet eintreten, und Betroffenen in unterst\u00fctzender und entlastender Art und Weise zur Seite stehen.<\/p>\r\n","protected":false},"excerpt":{"rendered":"<p>Der \u201eVerein f\u00fcr Menschen mit Behinderungen Kreis Olpe e.V.\u201c ist aus dem \u201eVerein f\u00fcr spastisch Gel\u00e4hmte und andere K\u00f6rperbehinderte Kreis Olpe e.V.\u201c, einer im Jahre 1972 gegr\u00fcndeten Elterninitiative, hervorgegangen. Der Verein z\u00e4hlt zum aktuellen Zeitpunkt ca. 250 Mitglieder, welche sich aus den verschiedensten Beweggr\u00fcnden innerhalb des Vereins engagieren. Zweck des Vereins ist die F\u00f6rderung, Beratung, &hellip; <a href=\"https:\/\/www.portalmensch.de\/index.php\/der-verein\/\" class=\"more-link\"><span class=\"screen-reader-text\">\u201eDer Verein\u201c<\/span> weiterlesen<\/a><\/p>\n","protected":false},"author":1,"featured_media":0,"parent":0,"menu_order":0,"comment_status":"closed","ping_status":"closed","template":"","meta":{"ngg_post_thumbnail":0,"footnotes":""},"class_list":["post-12","page","type-page","status-publish","hentry"],"_links":{"self":[{"href":"https:\/\/www.portalmensch.de\/index.php\/wp-json\/wp\/v2\/pages\/12","targetHints":{"allow":["GET"]}}],"collection":[{"href":"https:\/\/www.portalmensch.de\/index.php\/wp-json\/wp\/v2\/pages"}],"about":[{"href":"https:\/\/www.portalmensch.de\/index.php\/wp-json\/wp\/v2\/types\/page"}],"author":[{"embeddable":true,"href":"https:\/\/www.portalmensch.de\/index.php\/wp-json\/wp\/v2\/users\/1"}],"replies":[{"embeddable":true,"href":"https:\/\/www.portalmensch.de\/index.php\/wp-json\/wp\/v2\/comments?post=12"}],"version-history":[{"count":3,"href":"https:\/\/www.portalmensch.de\/index.php\/wp-json\/wp\/v2\/pages\/12\/revisions"}],"predecessor-version":[{"id":257,"href":"https:\/\/www.portalmensch.de\/index.php\/wp-json\/wp\/v2\/pages\/12\/revisions\/257"}],"wp:attachment":[{"href":"https:\/\/www.portalmensch.de\/index.php\/wp-json\/wp\/v2\/media?parent=12"}],"curies":[{"name":"wp","href":"https:\/\/api.w.org\/{rel}","templated":true}]}}